{"id":2,"date":"2019-02-28T03:48:21","date_gmt":"2019-02-28T02:48:21","guid":{"rendered":"http:\/\/test2018.thomashollweg.com\/?page_id=2"},"modified":"2025-03-14T14:47:23","modified_gmt":"2025-03-14T13:47:23","slug":"sample-page","status":"publish","type":"page","link":"https:\/\/www.thomashollweg.com\/?page_id=2","title":{"rendered":"\u00dcber mich"},"content":{"rendered":"\t\t<div data-elementor-type=\"wp-post\" data-elementor-id=\"2\" class=\"elementor elementor-2\">\n\t\t\t\t\t\t<section class=\"elementor-section elementor-top-section elementor-element elementor-element-8163de7 elementor-section-boxed elementor-section-height-default elementor-section-height-default\" data-id=\"8163de7\" data-element_type=\"section\">\n\t\t\t\t\t\t<div class=\"elementor-container elementor-column-gap-default\">\n\t\t\t\t\t<div class=\"elementor-column elementor-col-50 elementor-top-column elementor-element elementor-element-0f97f06\" data-id=\"0f97f06\" data-element_type=\"column\">\n\t\t\t<div class=\"elementor-widget-wrap elementor-element-populated\">\n\t\t\t\t\t\t<div class=\"elementor-element elementor-element-90b6e63 elementor-tabs-view-horizontal elementor-widget elementor-widget-tabs\" data-id=\"90b6e63\" data-element_type=\"widget\" data-widget_type=\"tabs.default\">\n\t\t\t\t<div class=\"elementor-widget-container\">\n\t\t\t\t\t\t\t<div class=\"elementor-tabs\">\n\t\t\t<div class=\"elementor-tabs-wrapper\" role=\"tablist\" >\n\t\t\t\t\t\t\t\t\t<div id=\"elementor-tab-title-1511\" class=\"elementor-tab-title elementor-tab-desktop-title\" aria-selected=\"true\" data-tab=\"1\" role=\"tab\" tabindex=\"0\" aria-controls=\"elementor-tab-content-1511\" aria-expanded=\"false\">Lebenslauf<\/div>\n\t\t\t\t\t\t\t\t\t<div id=\"elementor-tab-title-1512\" class=\"elementor-tab-title elementor-tab-desktop-title\" aria-selected=\"false\" data-tab=\"2\" role=\"tab\" tabindex=\"-1\" aria-controls=\"elementor-tab-content-1512\" aria-expanded=\"false\">Unternehmens\u00fcbersicht<\/div>\n\t\t\t\t\t\t\t\t\t<div id=\"elementor-tab-title-1513\" class=\"elementor-tab-title elementor-tab-desktop-title\" aria-selected=\"false\" data-tab=\"3\" role=\"tab\" tabindex=\"-1\" aria-controls=\"elementor-tab-content-1513\" aria-expanded=\"false\">Hersteller Know-How<\/div>\n\t\t\t\t\t\t\t<\/div>\n\t\t\t<div class=\"elementor-tabs-content-wrapper\" role=\"tablist\" aria-orientation=\"vertical\">\n\t\t\t\t\t\t\t\t\t<div class=\"elementor-tab-title elementor-tab-mobile-title\" aria-selected=\"true\" data-tab=\"1\" role=\"tab\" tabindex=\"0\" aria-controls=\"elementor-tab-content-1511\" aria-expanded=\"false\">Lebenslauf<\/div>\n\t\t\t\t\t<div id=\"elementor-tab-content-1511\" class=\"elementor-tab-content elementor-clearfix\" data-tab=\"1\" role=\"tabpanel\" aria-labelledby=\"elementor-tab-title-1511\" tabindex=\"0\" hidden=\"false\"><p>Ich bin 40 Jahre alt und wurde im Oktober 1984 in der Weltstadt Papenburg (Niedersachsen; oberster Zipfel des Emslandes, ganz kurz unterhalb von Ostfriesland) geboren.<\/p><p>Seit November 2023 bin ich als\u00a0<b>Senior Software Asset Manager <\/b>bei der\u00a0<a href=\"https:\/\/www.rwe.com\/der-konzern\/rwest\/\" target=\"_blank\" rel=\"noopener\">RWE Supply &amp; Trading<\/a>\u00a0in Essen t\u00e4tig. Ich unterst\u00fctze unsere internen Kunden bei diversen Herausforderungen (Auszug):<\/p><ul><li>Unterst\u00fctzung bei Hersteller-Audits<\/li><li>Einhaltung\/Herstellung der Compliance diverser Software Hersteller<\/li><li>Erstellung von Lizenzbilanzen<\/li><li>Wirtschaftlichkeitsbetrachtungen<\/li><li>Software Asset Management Tool Evaluierungen<\/li><li>Standardisierung und Harmonisierung von Software Produkten<\/li><li>Cloud-Unterst\u00fctzung (Anlage Infrastrukturkomponenten, Erstellung von Rollen- und Berechtigungskonzepten, Einf\u00fchrung von Cloud Consumption Monitorings)<\/li><li>Verhandlungen und Abschl\u00fcsse von Software Rahmen- und Dienstleistungsvertr\u00e4gen\u00a0<\/li><li>Transition interner Services an Managed Service Provider<\/li><li>Unterst\u00fctzung bei Renewals und TrueUps<\/li><li>Lizenzoptimierungen<\/li><li>Stakeholderanalyse<\/li><li>Durchf\u00fchrung und Planung von Proof of Conceps (PoC)<\/li><li>Windows 10 Rollout<\/li><li>Software Clearing<\/li><\/ul><p>Von September 2017 bis Oktober 2023 war ich bei der\u00a0<a href=\"https:\/\/toptechnologies.de\/\" target=\"_blank\" rel=\"noopener\">TOP TECHNOLOGIES CONSULTING GmbH<\/a>\u00a0als Senior Software Asset Management Consultant und Teamlead f\u00fcr das SAM Team t\u00e4tig und haben diverse Kunden aus verschiedenen Branchen (Energie, Banken, Telekommunikation, Versicherungen) in meinem Fachgebiet unterst\u00fctzt.\u00a0<\/p><p>Von Februar bis August 2017 wechselte ich zur\u00a0<a href=\"https:\/\/www.rosen-group.com\/\" target=\"_blank\" rel=\"noopener\">ROSEN Technology and Research Center GmbH<\/a>\u00a0in Lingen und war dort in einer Doppelrolle als <b>strategischer IT Eink\u00e4ufer<\/b> und <b>License Manager <\/b>verantwortlich. Meine prim\u00e4ren Aufgaben bestanden im Aufbau des strategischen IT Einkaufs, sowie in der Unterst\u00fctzung bei der Einf\u00fchrung sowohl des License-, als auch des Contract Managements.<\/p><div align=\"justify\">Von M\u00e4rz 2014 bis Januar 2017 war ich f\u00fcr die\u00a0<a href=\"https:\/\/www.enercon.de\/\" target=\"_blank\" rel=\"noopener\">ENERCON<\/a>\u00a0Gruppe im Headquarter in Aurich t\u00e4tig:<\/div><div align=\"justify\"><div align=\"justify\">Im ersten Abschnitt zwischen M\u00e4rz 2014 und M\u00e4rz 2016 war ich eingestelt als <b>strategischer IT Eink\u00e4ufer<\/b>. In diesem Zeitaum habe ich den strategischen IT Einkauf f\u00fcr die gesamte ENERCON Gruppe\u00a0 aufgebaut. Meine IT-Categories umfassten hierbei den Einkauf von:<\/div><ul><li>Netzwerkinfrastruktur<\/li><li>Telekommunikation<\/li><li>Dienstleistungen (Consulting, Freelancer, A\u00dc, Maintenance, &#8230;)<\/li><li>Software \/ Lizenzen<\/li><\/ul><p>Selbstverst\u00e4ndlich geh\u00f6rten auf folgende Aufgaben mit zu meinem Aufgaben-Portfolio:<\/p><ul><li>die Ausarbeitung und\u00a0Mitwirkung in diversen Projekten<\/li><li>die stetige Weiterentwicklung und Verbesserung der Einkaufsprozesse<\/li><li>Mitarbeit und Unterst\u00fctzung bei der Einf\u00fchrung eines Category Managements<\/li><\/ul><\/div><div align=\"justify\">Im April 2016 wechelte ich innerhalb der\u00a0<a href=\"https:\/\/www.enercon.de\/\" target=\"_blank\" rel=\"noopener\">ENERCON<\/a>\u00a0Gruppe als <b>Software Asset Manager <\/b>vom Einkauf in die IT. Hier war ich verantwortlich f\u00fcr den Aufbau und die Einf\u00fchrung des globalen Software Asset und License Managements (SAM). Meine Kernaufgaben umfassten hierbei:<\/div><ul><li>Leitung des SAM-Rollouts<\/li><li>Durchf\u00fchrung und Begleitung von Hersteller-Audits<\/li><li>Pr\u00fcfung und ggf. Herstellung der Compliance bei Software Herstellern<\/li><li>Erstellung von Lizenzbilanzen<\/li><li>Einf\u00fchrung neuer und Entwicklung bestehender Werkzeuge\/Tools<\/li><li>Aufbau eines Softwarekataloges<\/li><li>Implementierung des globalen Software Procurements in die IT<\/li><li>Durchf\u00fchrung von herstellerbezogenen &#8222;Jahresmeldungen&#8220; (bespielsweise TrueUp) und Abschl\u00fcssen\/Verl\u00e4ngerungen von Rahmenvertr\u00e4gen (beispielsweise Enterprise Agreement)<\/li><li>Lizenzoptimierungen\/-konsolidierungen diverser Hersteller<\/li><li>Unterst\u00fctzung und Mitarbeit bei der Einf\u00fchrung des Contract Managements<\/li><\/ul><div align=\"justify\"><div align=\"justify\">\u00a0<\/div><div align=\"justify\">Von 2010 bis 2014 war ich f\u00fcr die <a href=\"https:\/\/www.focke.com\/\" target=\"_blank\" rel=\"noopener\">Focke Packaging Solutions GmbH<\/a>\u00a0(fr\u00fcher FOPAC Maschinenbau GmbH) in Bar\u00dfel als <b>Eink\u00e4ufer <\/b>t\u00e4tig und meine Aufgabenbereiche umfassten sowohl den operativen, strategischen, als auch den projektbezogenen Einkauf.<\/div><div align=\"justify\">\u00a0<\/div><\/div><\/div>\n\t\t\t\t\t\t\t\t\t<div class=\"elementor-tab-title elementor-tab-mobile-title\" aria-selected=\"false\" data-tab=\"2\" role=\"tab\" tabindex=\"-1\" aria-controls=\"elementor-tab-content-1512\" aria-expanded=\"false\">Unternehmens\u00fcbersicht<\/div>\n\t\t\t\t\t<div id=\"elementor-tab-content-1512\" class=\"elementor-tab-content elementor-clearfix\" data-tab=\"2\" role=\"tabpanel\" aria-labelledby=\"elementor-tab-title-1512\" tabindex=\"0\" hidden=\"hidden\"><p>F\u00fcr folgende Unternehmen habe ich bisher gearbeitet:<\/p><div><ul><li>RWE Supply &amp; Trading GmbH<\/li><li>TOP TECHNOLOGIES CONSULTING GmbH (Halstenbek)<\/li><li>neo42 GmbH<\/li><li>ROSEN Technologies and Research Center GmbH (Lingen)<\/li><li>ENERCON Gruppe (Aurich)<\/li><li>FOPAC Maschinenbau GmbH (Bar\u00dfel)<\/li><li>Coats Opti Germany GmbH (Rhauderfehn)<\/li><li>Nordland Papier GmbH (D\u00f6rpen)<\/li><li>BBG &amp; Partner (Bremen)<\/li><li>Weener Plastik GmbH (Weener)<\/li><li>Caritas-Werkst\u00e4tten n\u00f6rdliches Emsland GmbH (Papenburg)<\/li><li>real,- SB-Warenhaus GmbH (Papenburg)<\/li><li>presseservice nordwest GmbH &amp; Co. KG (Wilhelmshaven)<\/li><li>Ceka Centralkaufhaus Hans T\u00f6bbens KG (Papenburg)<\/li><\/ul><\/div><\/div>\n\t\t\t\t\t\t\t\t\t<div class=\"elementor-tab-title elementor-tab-mobile-title\" aria-selected=\"false\" data-tab=\"3\" role=\"tab\" tabindex=\"-1\" aria-controls=\"elementor-tab-content-1513\" aria-expanded=\"false\">Hersteller Know-How<\/div>\n\t\t\t\t\t<div id=\"elementor-tab-content-1513\" class=\"elementor-tab-content elementor-clearfix\" data-tab=\"3\" role=\"tabpanel\" aria-labelledby=\"elementor-tab-title-1513\" tabindex=\"0\" hidden=\"hidden\"><ul><li>Adobe<\/li><li>Amazon AWS<\/li><li>Autodesk<\/li><li>Citrix<\/li><li>DIgSILENT<\/li><li>EMC (DELL)<\/li><li>ESRI<\/li><li>Genesys<\/li><li>Hortonworks<\/li><li>IBM<\/li><li>JetBrains<\/li><li>Microsoft<\/li><li>MongoDB<\/li><li>Nuance<\/li><li>SAP<\/li><li>Tableau<\/li><li>The Mathworks<\/li><li>Veeam<\/li><li>Verint<\/li><li>VMware<\/li><\/ul><p>&#8230;<\/p><\/div>\n\t\t\t\t\t\t\t<\/div>\n\t\t<\/div>\n\t\t\t\t\t\t<\/div>\n\t\t\t\t<\/div>\n\t\t\t\t\t<\/div>\n\t\t<\/div>\n\t\t\t\t<div class=\"elementor-column elementor-col-50 elementor-top-column elementor-element elementor-element-e68e573\" data-id=\"e68e573\" data-element_type=\"column\">\n\t\t\t<div class=\"elementor-widget-wrap elementor-element-populated\">\n\t\t\t\t\t\t<div class=\"elementor-element elementor-element-0baebb4 elementor-align-right elementor-widget elementor-widget-button\" data-id=\"0baebb4\" data-element_type=\"widget\" data-widget_type=\"button.default\">\n\t\t\t\t<div class=\"elementor-widget-container\">\n\t\t\t\t\t\t\t\t\t<div class=\"elementor-button-wrapper\">\n\t\t\t\t\t<a class=\"elementor-button elementor-button-link elementor-size-sm\" href=\"http:\/\/test2018.thomashollweg.com\/?page_id=123\">\n\t\t\t\t\t\t<span class=\"elementor-button-content-wrapper\">\n\t\t\t\t\t\t<span class=\"elementor-button-icon\">\n\t\t\t\t\t\t\t\t\t<i class=\"fa fa-align-center\" aria-hidden=\"true\"><\/i>\n\t\t\t\t\t\t\t<\/span>\n\t\t\t\t\t\t\t\t\t<span class=\"elementor-button-text\">Kompetenzen<\/span>\n\t\t\t\t\t<\/span>\n\t\t\t\t\t<\/a>\n\t\t\t\t<\/div>\n\t\t\t\t\t\t\t\t<\/div>\n\t\t\t\t<\/div>\n\t\t\t\t\t<\/div>\n\t\t<\/div>\n\t\t\t\t\t<\/div>\n\t\t<\/section>\n\t\t\t\t<section class=\"elementor-section elementor-top-section elementor-element elementor-element-9f57c81 elementor-section-boxed elementor-section-height-default elementor-section-height-default\" data-id=\"9f57c81\" data-element_type=\"section\">\n\t\t\t\t\t\t<div class=\"elementor-container elementor-column-gap-default\">\n\t\t\t\t\t<div class=\"elementor-column elementor-col-100 elementor-top-column elementor-element elementor-element-8b5fde5\" data-id=\"8b5fde5\" data-element_type=\"column\">\n\t\t\t<div class=\"elementor-widget-wrap elementor-element-populated\">\n\t\t\t\t\t\t<div class=\"elementor-element elementor-element-758689b elementor-widget elementor-widget-lae-testimonials-slider\" data-id=\"758689b\" data-element_type=\"widget\" data-widget_type=\"lae-testimonials-slider.default\">\n\t\t\t\t<div class=\"elementor-widget-container\">\n\t\t\t\t\t\n<div class=\"lae-testimonials-slider lae-testimonials-slider-style1 lae-container\"\n                                 data-settings='{&quot;fade&quot;:false,&quot;autoplay&quot;:true,&quot;autoplay_speed&quot;:5000,&quot;animation_speed&quot;:600,&quot;dots&quot;:false,&quot;arrows&quot;:true,&quot;pause_on_hover&quot;:true,&quot;pause_on_focus&quot;:false,&quot;adaptive_height&quot;:false,&quot;display_columns&quot;:1,&quot;scroll_columns&quot;:1,&quot;tablet_width&quot;:800,&quot;tablet_display_columns&quot;:1,&quot;tablet_scroll_columns&quot;:1,&quot;mobile_width&quot;:480,&quot;mobile_display_columns&quot;:1,&quot;mobile_scroll_columns&quot;:1}'>\n\n        \n            \n            \n<div class=\"lae-testimonial lae-rating-none\">\n\n    <div class=\"lae-testimonial-text\">\n\n        <i class=\"lae-icon-quote\"><\/i>\n\n        \n        <p>Diejenigen, die bereit sind grundlegende Freiheiten aufzugeben, um ein wenig kurzfristige Sicherheit zu erlangen, verdienen weder Freiheit noch Sicherheit.<\/p>\n    <\/div>\n\n    <div class=\"lae-testimonial-user\">\n\n        <div class=\"lae-image-wrapper\">\n\n            \n            \n                \n            \n        <\/div><!-- .lae-image-wrapper -->\n\n        <div class=\"lae-user-text\">\n\n            <h4 class=\"lae-author-name\">Benjamin Franklin<\/h4>\n\n            <div class=\"lae-author-credentials\">(1706 - 1790)<\/div>\n\n        <\/div>\n\n    <\/div><!-- .lae-testimonial-user -->\n\n<\/div><!-- .lae-testimonial -->\n        \n            \n            \n<div class=\"lae-testimonial lae-rating-none\">\n\n    <div class=\"lae-testimonial-text\">\n\n        <i class=\"lae-icon-quote\"><\/i>\n\n        \n        <p><em>Wenn ich die Menschen gefragt h\u00e4tte, was sie wollen, h\u00e4tten sie gesagt schnellere Pferde<\/em><\/p>\n    <\/div>\n\n    <div class=\"lae-testimonial-user\">\n\n        <div class=\"lae-image-wrapper\">\n\n            \n            \n                \n            \n        <\/div><!-- .lae-image-wrapper -->\n\n        <div class=\"lae-user-text\">\n\n            <h4 class=\"lae-author-name\">Henry Ford<\/h4>\n\n            <div class=\"lae-author-credentials\">(1863 - 1947)<\/div>\n\n        <\/div>\n\n    <\/div><!-- .lae-testimonial-user -->\n\n<\/div><!-- .lae-testimonial -->\n        \n            \n            \n<div class=\"lae-testimonial lae-rating-none\">\n\n    <div class=\"lae-testimonial-text\">\n\n        <i class=\"lae-icon-quote\"><\/i>\n\n        \n        <p>Genie ist 1% Inspiration und 99% Transpiration<\/p>\n    <\/div>\n\n    <div class=\"lae-testimonial-user\">\n\n        <div class=\"lae-image-wrapper\">\n\n            \n            \n                \n            \n        <\/div><!-- .lae-image-wrapper -->\n\n        <div class=\"lae-user-text\">\n\n            <h4 class=\"lae-author-name\">Thomas Alva Edison<\/h4>\n\n            <div class=\"lae-author-credentials\">(1847 - 1931)<\/div>\n\n        <\/div>\n\n    <\/div><!-- .lae-testimonial-user -->\n\n<\/div><!-- .lae-testimonial -->\n        \n            \n            \n<div class=\"lae-testimonial lae-rating-none\">\n\n    <div class=\"lae-testimonial-text\">\n\n        <i class=\"lae-icon-quote\"><\/i>\n\n        \n        <p>Die Menschen stolpern gelegentlich \u00fcber die Wahrheit, aber sie richten sich danach auf und gehen weiter, als sei nichts geschehen.<\/p>\n    <\/div>\n\n    <div class=\"lae-testimonial-user\">\n\n        <div class=\"lae-image-wrapper\">\n\n            \n            \n                \n            \n        <\/div><!-- .lae-image-wrapper -->\n\n        <div class=\"lae-user-text\">\n\n            <h4 class=\"lae-author-name\">Sir Winston Spencer Churchill<\/h4>\n\n            <div class=\"lae-author-credentials\">(1874 - 1965)<\/div>\n\n        <\/div>\n\n    <\/div><!-- .lae-testimonial-user -->\n\n<\/div><!-- .lae-testimonial -->\n        \n<\/div><!-- .lae-testimonials-slider -->\t\t\t\t<\/div>\n\t\t\t\t<\/div>\n\t\t\t\t\t<\/div>\n\t\t<\/div>\n\t\t\t\t\t<\/div>\n\t\t<\/section>\n\t\t\t\t<\/div>\n\t\t","protected":false},"excerpt":{"rendered":"<p>Lebenslauf Unternehmens\u00fcbersicht Hersteller Know-How Lebenslauf Ich bin 40 Jahre alt und wurde im Oktober 1984 in der Weltstadt Papenburg (Niedersachsen;&#8230;<\/p>\n","protected":false},"author":1,"featured_media":0,"parent":0,"menu_order":0,"comment_status":"closed","ping_status":"closed","template":"template-fullwidth.php","meta":{"footnotes":""},"class_list":["post-2","page","type-page","status-publish","hentry","post-archive"],"_links":{"self":[{"href":"https:\/\/www.thomashollweg.com\/index.php?rest_route=\/wp\/v2\/pages\/2","targetHints":{"allow":["GET"]}}],"collection":[{"href":"https:\/\/www.thomashollweg.com\/index.php?rest_route=\/wp\/v2\/pages"}],"about":[{"href":"https:\/\/www.thomashollweg.com\/index.php?rest_route=\/wp\/v2\/types\/page"}],"author":[{"embeddable":true,"href":"https:\/\/www.thomashollweg.com\/index.php?rest_route=\/wp\/v2\/users\/1"}],"replies":[{"embeddable":true,"href":"https:\/\/www.thomashollweg.com\/index.php?rest_route=%2Fwp%2Fv2%2Fcomments&post=2"}],"version-history":[{"count":18,"href":"https:\/\/www.thomashollweg.com\/index.php?rest_route=\/wp\/v2\/pages\/2\/revisions"}],"predecessor-version":[{"id":727,"href":"https:\/\/www.thomashollweg.com\/index.php?rest_route=\/wp\/v2\/pages\/2\/revisions\/727"}],"wp:attachment":[{"href":"https:\/\/www.thomashollweg.com\/index.php?rest_route=%2Fwp%2Fv2%2Fmedia&parent=2"}],"curies":[{"name":"wp","href":"https:\/\/api.w.org\/{rel}","templated":true}]}}