{"id":366,"date":"2019-08-22T12:17:25","date_gmt":"2019-08-22T11:17:25","guid":{"rendered":"https:\/\/www.thomashollweg.com\/?page_id=366"},"modified":"2025-11-25T11:03:33","modified_gmt":"2025-11-25T10:03:33","slug":"filme","status":"publish","type":"page","link":"https:\/\/www.thomashollweg.com\/?page_id=366","title":{"rendered":"Filme"},"content":{"rendered":"\t\t<div data-elementor-type=\"wp-post\" data-elementor-id=\"366\" class=\"elementor elementor-366\">\n\t\t\t\t\t\t<section class=\"elementor-section elementor-top-section elementor-element elementor-element-04386bd elementor-section-boxed elementor-section-height-default elementor-section-height-default\" data-id=\"04386bd\" data-element_type=\"section\">\n\t\t\t\t\t\t<div class=\"elementor-container elementor-column-gap-default\">\n\t\t\t\t\t<div class=\"elementor-column elementor-col-100 elementor-top-column elementor-element elementor-element-cb1d3f6\" data-id=\"cb1d3f6\" data-element_type=\"column\">\n\t\t\t<div class=\"elementor-widget-wrap elementor-element-populated\">\n\t\t\t\t\t\t<div class=\"elementor-element elementor-element-179673b elementor-widget elementor-widget-heading\" data-id=\"179673b\" data-element_type=\"widget\" data-widget_type=\"heading.default\">\n\t\t\t\t<div class=\"elementor-widget-container\">\n\t\t\t\t\t<h2 class=\"elementor-heading-title elementor-size-xl\">Die Besten der Besten aus 100 Jahren Filmgeschichte<\/h2>\t\t\t\t<\/div>\n\t\t\t\t<\/div>\n\t\t\t\t\t<\/div>\n\t\t<\/div>\n\t\t\t\t\t<\/div>\n\t\t<\/section>\n\t\t\t\t<section class=\"elementor-section elementor-top-section elementor-element elementor-element-f260322 elementor-section-boxed elementor-section-height-default elementor-section-height-default\" data-id=\"f260322\" data-element_type=\"section\">\n\t\t\t\t\t\t<div class=\"elementor-container elementor-column-gap-default\">\n\t\t\t\t\t<div class=\"elementor-column elementor-col-50 elementor-top-column elementor-element elementor-element-82b2587\" data-id=\"82b2587\" data-element_type=\"column\">\n\t\t\t<div class=\"elementor-widget-wrap elementor-element-populated\">\n\t\t\t\t\t\t<div class=\"elementor-element elementor-element-67d442d elementor-widget elementor-widget-counter\" data-id=\"67d442d\" data-element_type=\"widget\" data-widget_type=\"counter.default\">\n\t\t\t\t<div class=\"elementor-widget-container\">\n\t\t\t\t\t\t\t<div class=\"elementor-counter\">\n\t\t\t<div class=\"elementor-counter-title\">Favoriten<\/div>\t\t\t<div class=\"elementor-counter-number-wrapper\">\n\t\t\t\t<span class=\"elementor-counter-number-prefix\"><\/span>\n\t\t\t\t<span class=\"elementor-counter-number\" data-duration=\"2000\" data-to-value=\"179\" data-from-value=\"0\" data-delimiter=\",\">0<\/span>\n\t\t\t\t<span class=\"elementor-counter-number-suffix\"><\/span>\n\t\t\t<\/div>\n\t\t<\/div>\n\t\t\t\t\t\t<\/div>\n\t\t\t\t<\/div>\n\t\t\t\t\t<\/div>\n\t\t<\/div>\n\t\t\t\t<div class=\"elementor-column elementor-col-50 elementor-top-column elementor-element elementor-element-98aa515\" data-id=\"98aa515\" data-element_type=\"column\">\n\t\t\t<div class=\"elementor-widget-wrap elementor-element-populated\">\n\t\t\t\t\t\t<div class=\"elementor-element elementor-element-64d752a elementor-tabs-view-horizontal elementor-widget elementor-widget-tabs\" data-id=\"64d752a\" data-element_type=\"widget\" data-widget_type=\"tabs.default\">\n\t\t\t\t<div class=\"elementor-widget-container\">\n\t\t\t\t\t\t\t<div class=\"elementor-tabs\">\n\t\t\t<div class=\"elementor-tabs-wrapper\" role=\"tablist\" >\n\t\t\t\t\t\t\t\t\t<div id=\"elementor-tab-title-1051\" class=\"elementor-tab-title elementor-tab-desktop-title\" aria-selected=\"true\" data-tab=\"1\" role=\"tab\" tabindex=\"0\" aria-controls=\"elementor-tab-content-1051\" aria-expanded=\"false\">Filmliste<\/div>\n\t\t\t\t\t\t\t\t\t<div id=\"elementor-tab-title-1052\" class=\"elementor-tab-title elementor-tab-desktop-title\" aria-selected=\"false\" data-tab=\"2\" role=\"tab\" tabindex=\"-1\" aria-controls=\"elementor-tab-content-1052\" aria-expanded=\"false\">Links<\/div>\n\t\t\t\t\t\t\t<\/div>\n\t\t\t<div class=\"elementor-tabs-content-wrapper\" role=\"tablist\" aria-orientation=\"vertical\">\n\t\t\t\t\t\t\t\t\t<div class=\"elementor-tab-title elementor-tab-mobile-title\" aria-selected=\"true\" data-tab=\"1\" role=\"tab\" tabindex=\"0\" aria-controls=\"elementor-tab-content-1051\" aria-expanded=\"false\">Filmliste<\/div>\n\t\t\t\t\t<div id=\"elementor-tab-content-1051\" class=\"elementor-tab-content elementor-clearfix\" data-tab=\"1\" role=\"tabpanel\" aria-labelledby=\"elementor-tab-title-1051\" tabindex=\"0\" hidden=\"false\"><div><b>20er<\/b><\/div>\n<ul>\n<li>Metropolis (1927)<\/li>\n<\/ul>\n<div><b>30er<\/b><\/div>\n<ul>\n<li>M &#8211; Eine Stadt sucht einen M\u00f6rder (1931)<\/li>\n<\/ul>\n<div><b>40er<\/b><\/div>\n<ul>\n<li>Citizen Kane (1941)<\/li>\n<\/ul>\n<div><b>50er<\/b><\/div>\n<ul>\n<li>12 Angry Men (1957)<\/li>\n<\/ul>\n<div><b>60er<\/b><\/div>\n<ul>\n<li>To Kill a Mockingbird (1962)<\/li>\n<li>Dr. Strangelove or: How I Learned to Stop Worrying and Love the Bomb (1964)<\/li>\n<li>The Graduate (1967)<\/li>\n<li>Planet of the Apes (1968)<\/li>\n<\/ul>\n<div><b>70er<\/b><\/div>\n<ul>\n<li>Dirty Harry (1971)<\/li>\n<li>Straw Dogs (1971)<\/li>\n<li>The Exorcist (1973)<\/li>\n<li>Jaws (1975)<\/li>\n<li>Three Days of the Condor (1975)<\/li>\n<li>All the President&#8217;s Men (1976)<\/li>\n<li>Carrie (1976)<\/li>\n<li>Marathon Man (1976)<\/li>\n<li>Rocky (1976)<\/li>\n<li>Close Encounters of the Third Kind (1977)<\/li>\n<li>Star Wars: Episode IV &#8211; A New Hope (1977)<\/li>\n<li>Alien (1979)<\/li>\n<li>Kramer vs. Kramer (1979)<\/li>\n<\/ul>\n<div><b>80er<\/b><\/div>\n<ul>\n<li>Shining (1980)<\/li>\n<li>Star Wars: Episode V &#8211; The Empire Strikes Back (1980)<\/li>\n<li>Raiders of the Lost Ark (1981)<\/li>\n<li>First Blood (1982)<\/li>\n<li>Scarface (1983)<\/li>\n<li>Star Wars: Episode VI &#8211; Return of the Jedi (1983)<\/li>\n<li>Indiana Jones and the Temple of Doom (1984)<\/li>\n<li>Once Upon a Time in America (1984)<\/li>\n<li>Back to the Future (1985)<\/li>\n<li>The Goonies (1985)<\/li>\n<li>Aliens (1986)<\/li>\n<li>Highlander (1986)<\/li>\n<li>Der Himmel \u00fcber Berlin (1987)<\/li>\n<li>Full Metal Jacket (1987)<\/li>\n<li>Die Hard (1988)<\/li>\n<li>Hotaru no haka \/ Grave of the Fireflies (1988)<\/li>\n<li>Back to the Future Part II (1989)<\/li>\n<li>Indiana Jones and the Last Crusade (1989)<\/li>\n<\/ul>\n<div><b>90er<\/b><\/div>\n<ul>\n<li>Back to the Future Part III (1990)<\/li>\n<li>GoodFellas (1990)<\/li>\n<li>Cape Fear (1991)<\/li>\n<li>Hook (1991)<\/li>\n<li>Terminator 2: Judgment Day (1991)<\/li>\n<li>The Silence of the Lambs (1991)<\/li>\n<li>Reservoir Dogs (1992)<\/li>\n<li>Sneakers (1992)<\/li>\n<li>A Perfect World (1993)<\/li>\n<li>Jurassic Park (1993)<\/li>\n<li>Schindler&#8217;s List (1993)<\/li>\n<li>Forrest Gump (1994)<\/li>\n<li>L\u00e9on (1994)<\/li>\n<li>Pulp Fiction (1994)<\/li>\n<li>The Crow (1994)<\/li>\n<li>The Shawshank Redemption (1994)<\/li>\n<li>True Lies (1994)<\/li>\n<li>12 Monkeys (1995)<\/li>\n<li>Apollo 13 (1995)<\/li>\n<li>Braveheart (1995)<\/li>\n<li>Dead Man Walking (1995)<\/li>\n<li>Heat (1995)<\/li>\n<li>The Bridges of Madison County (1995)<\/li>\n<li>The Usual Suspects (1995)<\/li>\n<li>Primal Fear (1996)<\/li>\n<li>Scream (1996)<\/li>\n<li>Sleepers (1996)<\/li>\n<li>The Rock (1996)<\/li>\n<li>Boogie Nights (1997)<\/li>\n<li>Contact (1997)<\/li>\n<li>La vita \u00e8 bella (1997)<\/li>\n<li>Starship Troopers (1997)<\/li>\n<li>Suicide Kings (1997)<\/li>\n<li>The Devil&#8217;s Advocate (1997)<\/li>\n<li>Titanic (1997)<\/li>\n<li>American History X (1998)<\/li>\n<li>Dark City (1998)<\/li>\n<li>Ronin (1998)<\/li>\n<li>Saving Private Ryan (1998)<\/li>\n<li>The Truman Show (1998)<\/li>\n<li>American Beauty (1999)<\/li>\n<li>Fight Club (1999)<\/li>\n<li>Hurricane (1999)<\/li>\n<li>Payback (1999)<\/li>\n<li>The Green Mile (1999)<\/li>\n<li>The Matrix (1999)<\/li>\n<li>The Sixth Sense (1999)<\/li>\n<\/ul>\n<div><b>2000er<\/b><\/div>\n<ul>\n<li>American Psycho (2000)<\/li>\n<li>Gladiator (2000)<\/li>\n<li>K-Pax (2001)<\/li>\n<li>Das Experiment (2001)<\/li>\n<li>The Lord of the Rings &#8211; The Fellowship of the Ring (2001)<\/li>\n<li>The Lord of the Rings &#8211; The Two Towers (2002)<\/li>\n<li>The Pianist (2002)<\/li>\n<li>The Lord of the Rings &#8211; The Return of the King (2003)<\/li>\n<li>The Life of David Gale (2003)<\/li>\n<li>T\u00f4ky\u00f4 goddof\u00e2z\u00e2zu \/ Tokyo Godfathers (2003)<\/li>\n<li>Collateral (2004)<\/li>\n<li>Crash (2004)<\/li>\n<li>Finding Neverland (2004)<\/li>\n<li>Million Dollar Baby (2004)<\/li>\n<li>Ocean&#8217;s Twelve (2004)<\/li>\n<li>The Aviator (2004)<\/li>\n<li>Batman Begins (2005)<\/li>\n<li>King Kong (2005)<\/li>\n<li>North Country (2005)<\/li>\n<li>V for Vendetta (2005)<\/li>\n<li>Apocalypto (2006)<\/li>\n<li>Children of Men (2006)<\/li>\n<li>El laberinto del fauno (2006)<\/li>\n<li>The Departed (2006)<\/li>\n<li>Into the Wild (2007)<\/li>\n<li>Changeling (2008)<\/li>\n<li>Gran Torino (2008)<\/li>\n<li>The Boy in the Striped Pyjamas (2008)<\/li>\n<li>Inglourious Basterds (2009)<\/li>\n<li>Watchmen (2009)<\/li>\n<\/ul>\n<div><b>2010er<\/b><\/div>\n<ul>\n<li>Inception (2010)<\/li>\n<li>Never Let Me Go (2010)<\/li>\n<li>Contagion (2011)<\/li>\n<li>Drive (2011)<\/li>\n<li>Perfect Sense (2011)<\/li>\n<li>Rise of the Planet of the Apes (2011)<\/li><li>Warrior (2011)<\/li>\n<li>Argo (2012)<\/li>\n<li>Django Unchained (2012)<\/li>\n<li>Moonrise Kingdom (2012)<\/li>\n<li>Zero Dark Thirty (2012)<\/li>\n<li>Gravity (2013)<\/li>\n<li>Oblivion (2013)<\/li>\n<li>The Wolf of Wall Street (2013)<\/li>\n<li>Calvary (2014)<\/li>\n<li>Dawn of the Planet of the Apes (2014)<\/li>\n<li>Ich seh, Ich seh (2014)<\/li>\n<li>Interstellar (2014)<\/li>\n<li>Freistatt (2015)<\/li>\n<li>Mad Max: Fury Road (2015)<\/li>\n<li>ROOM (2015)<\/li>\n<li>Spotlight (2015)<\/li>\n<li>The Martian (2015)<\/li>\n<li>Arrival (2016)<\/li>\n<li>Colossal (2016)<\/li>\n<li>Aus dem Nichts (2017)<\/li>\n<li>Call Me by Your Name (2017)<\/li>\n<li>The Dawn Wall (2017)<\/li>\n<li>The Shape of Water (2017)<\/li>\n<li>Three Billboards Outside Ebbing, Missourie (2017)<\/li>\n<li>War for the Planet of the Apes (2017)<\/li>\n<li>A Quiet Place (2018)<\/li>\n<li>Das schweigende Klassenzimmer (2018)<\/li>\n<li>Free Solo (2018)<\/li>\n<li>Leave No Trace (2018)<\/li>\n<li>Roma (2018)<\/li>\n<li>1917 (2019)<\/li>\n<li>Born in Evin (2019)<\/li>\n<li>Fighting with My Family (2019)<\/li>\n<li>Ford v Ferrari (2019)<\/li>\n<li>Dark Waters (2019)<\/li>\n<li>Systemsprenger (2019)<\/li>\n<\/ul>\n<div><b>2020er<\/b><\/div>\n<ul>\n<li>A Quiet Place II (2020)<\/li>\n<li>Promising Young Woman (2020)<\/li>\n<li>Belfast (2021)<\/li>\n<li>Dune (2021)<\/li>\n<li>Nobody (2021)<\/li>\n<li>Licorice Pizza (2021)<\/li>\n<li>The Rescue (2021)<\/li>\n<li>Athena (2022)<\/li>\n<li>\n<div>Everything Everywhere All at Once (2022)<\/div>\n<\/li>\n<li>\n<div>She Said (2022)<\/div>\n<\/li>\n<li>The Batman (2022)<\/li>\n<li>The Fabelmans (2022)<\/li>\n<li>The Whale (2022)<\/li>\n<li>The Woman King (2022)<\/li>\n<li>Oppenheimer (2023)<\/li>\n<li>Poor Things (2023)<\/li>\n<li>The Creator (2023)<\/li>\n<li>Dune: Part Two (2024)<\/li>\n<li>The Substance (2024)<\/li>\n<li>A House of Dynamite (2025)<\/li>\n<li>The Life of Chuck (2025)<\/li>\n<\/ul><\/div>\n\t\t\t\t\t\t\t\t\t<div class=\"elementor-tab-title elementor-tab-mobile-title\" aria-selected=\"false\" data-tab=\"2\" role=\"tab\" tabindex=\"-1\" aria-controls=\"elementor-tab-content-1052\" aria-expanded=\"false\">Links<\/div>\n\t\t\t\t\t<div id=\"elementor-tab-content-1052\" class=\"elementor-tab-content elementor-clearfix\" data-tab=\"2\" role=\"tabpanel\" aria-labelledby=\"elementor-tab-title-1052\" tabindex=\"0\" hidden=\"hidden\"><p><a href=\"http:\/\/www.imdb.com\">IMDb<\/a><\/p><p><a href=\"http:\/\/www.rottentomatoes.com\">Rotten Tomatoes<\/a><\/p><p><a href=\"http:\/\/www.boxofficemojo.com\">BoxOfficeMojo<\/a><\/p><\/div>\n\t\t\t\t\t\t\t<\/div>\n\t\t<\/div>\n\t\t\t\t\t\t<\/div>\n\t\t\t\t<\/div>\n\t\t\t\t\t<\/div>\n\t\t<\/div>\n\t\t\t\t\t<\/div>\n\t\t<\/section>\n\t\t\t\t<\/div>\n\t\t","protected":false},"excerpt":{"rendered":"<p>Die Besten der Besten aus 100 Jahren Filmgeschichte Favoriten 0 Filmliste Links Filmliste 20er Metropolis (1927) 30er M &#8211; Eine&#8230;<\/p>\n","protected":false},"author":1,"featured_media":0,"parent":2,"menu_order":0,"comment_status":"closed","ping_status":"closed","template":"template-fullwidth.php","meta":{"footnotes":""},"class_list":["post-366","page","type-page","status-publish","hentry","post-archive"],"_links":{"self":[{"href":"https:\/\/www.thomashollweg.com\/index.php?rest_route=\/wp\/v2\/pages\/366","targetHints":{"allow":["GET"]}}],"collection":[{"href":"https:\/\/www.thomashollweg.com\/index.php?rest_route=\/wp\/v2\/pages"}],"about":[{"href":"https:\/\/www.thomashollweg.com\/index.php?rest_route=\/wp\/v2\/types\/page"}],"author":[{"embeddable":true,"href":"https:\/\/www.thomashollweg.com\/index.php?rest_route=\/wp\/v2\/users\/1"}],"replies":[{"embeddable":true,"href":"https:\/\/www.thomashollweg.com\/index.php?rest_route=%2Fwp%2Fv2%2Fcomments&post=366"}],"version-history":[{"count":126,"href":"https:\/\/www.thomashollweg.com\/index.php?rest_route=\/wp\/v2\/pages\/366\/revisions"}],"predecessor-version":[{"id":751,"href":"https:\/\/www.thomashollweg.com\/index.php?rest_route=\/wp\/v2\/pages\/366\/revisions\/751"}],"up":[{"embeddable":true,"href":"https:\/\/www.thomashollweg.com\/index.php?rest_route=\/wp\/v2\/pages\/2"}],"wp:attachment":[{"href":"https:\/\/www.thomashollweg.com\/index.php?rest_route=%2Fwp%2Fv2%2Fmedia&parent=366"}],"curies":[{"name":"wp","href":"https:\/\/api.w.org\/{rel}","templated":true}]}}