{"id":56,"date":"2019-02-27T16:22:43","date_gmt":"2019-02-27T15:22:43","guid":{"rendered":"http:\/\/test2018.thomashollweg.com\/?page_id=56"},"modified":"2022-12-13T17:03:16","modified_gmt":"2022-12-13T16:03:16","slug":"home","status":"publish","type":"page","link":"https:\/\/www.thomashollweg.com\/","title":{"rendered":"Home"},"content":{"rendered":"\t\t<div data-elementor-type=\"wp-post\" data-elementor-id=\"56\" class=\"elementor elementor-56\">\n\t\t\t\t\t\t<section class=\"elementor-section elementor-top-section elementor-element elementor-element-83b1dd5 elementor-section-boxed elementor-section-height-default elementor-section-height-default\" data-id=\"83b1dd5\" data-element_type=\"section\">\n\t\t\t\t\t\t<div class=\"elementor-container elementor-column-gap-default\">\n\t\t\t\t\t<div class=\"elementor-column elementor-col-100 elementor-top-column elementor-element elementor-element-469457f\" data-id=\"469457f\" data-element_type=\"column\">\n\t\t\t<div class=\"elementor-widget-wrap elementor-element-populated\">\n\t\t\t\t\t\t<div class=\"elementor-element elementor-element-1963bdb elementor-shape-circle e-grid-align-right elementor-grid-0 elementor-widget elementor-widget-social-icons\" data-id=\"1963bdb\" data-element_type=\"widget\" data-widget_type=\"social-icons.default\">\n\t\t\t\t<div class=\"elementor-widget-container\">\n\t\t\t\t\t\t\t<div class=\"elementor-social-icons-wrapper elementor-grid\" role=\"list\">\n\t\t\t\t\t\t\t<span class=\"elementor-grid-item\" role=\"listitem\">\n\t\t\t\t\t<a class=\"elementor-icon elementor-social-icon elementor-social-icon-xing elementor-repeater-item-d5a3a04\" href=\"https:\/\/www.xing.com\/profile\/Thomas_Hollweg3\" target=\"_blank\">\n\t\t\t\t\t\t<span class=\"elementor-screen-only\">Xing<\/span>\n\t\t\t\t\t\t\t\t\t\t\t\t\t<i class=\"fa fa-xing\" aria-hidden=\"true\"><\/i>\n\t\t\t\t\t\t\t\t\t\t\t<\/a>\n\t\t\t\t<\/span>\n\t\t\t\t\t\t\t<span class=\"elementor-grid-item\" role=\"listitem\">\n\t\t\t\t\t<a class=\"elementor-icon elementor-social-icon elementor-social-icon-youtube elementor-repeater-item-868fa3f\" href=\"https:\/\/www.youtube.com\/user\/THPbg?feature=mhee\" target=\"_blank\">\n\t\t\t\t\t\t<span class=\"elementor-screen-only\">Youtube<\/span>\n\t\t\t\t\t\t\t\t\t\t\t\t\t<i class=\"fa fa-youtube\" aria-hidden=\"true\"><\/i>\n\t\t\t\t\t\t\t\t\t\t\t<\/a>\n\t\t\t\t<\/span>\n\t\t\t\t\t<\/div>\n\t\t\t\t\t\t<\/div>\n\t\t\t\t<\/div>\n\t\t\t\t\t<\/div>\n\t\t<\/div>\n\t\t\t\t\t<\/div>\n\t\t<\/section>\n\t\t\t\t<section class=\"elementor-section elementor-top-section elementor-element elementor-element-f0e2ed9 elementor-section-boxed elementor-section-height-default elementor-section-height-default\" data-id=\"f0e2ed9\" data-element_type=\"section\">\n\t\t\t\t\t\t<div class=\"elementor-container elementor-column-gap-default\">\n\t\t\t\t\t<div class=\"elementor-column elementor-col-100 elementor-top-column elementor-element elementor-element-eb3611d\" data-id=\"eb3611d\" data-element_type=\"column\">\n\t\t\t<div class=\"elementor-widget-wrap elementor-element-populated\">\n\t\t\t\t\t\t<div class=\"elementor-element elementor-element-4ddde8a elementor-position-left elementor-vertical-align-top elementor-widget elementor-widget-image-box\" data-id=\"4ddde8a\" data-element_type=\"widget\" data-widget_type=\"image-box.default\">\n\t\t\t\t<div class=\"elementor-widget-container\">\n\t\t\t\t\t<div class=\"elementor-image-box-wrapper\"><figure class=\"elementor-image-box-img\"><img fetchpriority=\"high\" decoding=\"async\" width=\"3000\" height=\"3000\" src=\"https:\/\/www.thomashollweg.com\/wp-content\/uploads\/2019\/03\/Thomas_Portrait_2017_005_update_rund_final.jpg\" class=\"attachment-full size-full wp-image-162\" alt=\"\" srcset=\"https:\/\/www.thomashollweg.com\/wp-content\/uploads\/2019\/03\/Thomas_Portrait_2017_005_update_rund_final.jpg 3000w, https:\/\/www.thomashollweg.com\/wp-content\/uploads\/2019\/03\/Thomas_Portrait_2017_005_update_rund_final-150x150.jpg 150w, https:\/\/www.thomashollweg.com\/wp-content\/uploads\/2019\/03\/Thomas_Portrait_2017_005_update_rund_final-300x300.jpg 300w, https:\/\/www.thomashollweg.com\/wp-content\/uploads\/2019\/03\/Thomas_Portrait_2017_005_update_rund_final-768x768.jpg 768w, https:\/\/www.thomashollweg.com\/wp-content\/uploads\/2019\/03\/Thomas_Portrait_2017_005_update_rund_final-1024x1024.jpg 1024w, https:\/\/www.thomashollweg.com\/wp-content\/uploads\/2019\/03\/Thomas_Portrait_2017_005_update_rund_final-250x250.jpg 250w, https:\/\/www.thomashollweg.com\/wp-content\/uploads\/2019\/03\/Thomas_Portrait_2017_005_update_rund_final-1040x1040.jpg 1040w, https:\/\/www.thomashollweg.com\/wp-content\/uploads\/2019\/03\/Thomas_Portrait_2017_005_update_rund_final-640x640.jpg 640w\" sizes=\"(max-width: 3000px) 100vw, 3000px\" \/><\/figure><div class=\"elementor-image-box-content\"><h3 class=\"elementor-image-box-title\">Willkommen auf meiner Website<\/h3><p class=\"elementor-image-box-description\">Hier erhaltet ihr ein paar allgemeine Infos \u00fcber mich. Au\u00dferdem w\u00fcnsche ich euch viel Spa\u00df beim Durchst\u00f6bern der bereitgestellten Fotos in der Galerie.<br><br>Diese Website wird regelm\u00e4\u00dfig gepflegt und mit neuen und aktualisierten Inhalten versehen.<br><br>Bei Tipps und\/oder Anregungen, sowie Kritik, oder anderen Anfragen, freue ich mich \u00fcber eure Emails.<\/p><\/div><\/div>\t\t\t\t<\/div>\n\t\t\t\t<\/div>\n\t\t\t\t\t<\/div>\n\t\t<\/div>\n\t\t\t\t\t<\/div>\n\t\t<\/section>\n\t\t\t\t<\/div>\n\t\t","protected":false},"excerpt":{"rendered":"<p>Xing Youtube Willkommen auf meiner Website Hier erhaltet ihr ein paar allgemeine Infos \u00fcber mich. Au\u00dferdem w\u00fcnsche ich euch viel&#8230;<\/p>\n","protected":false},"author":1,"featured_media":0,"parent":0,"menu_order":0,"comment_status":"closed","ping_status":"closed","template":"template-fullwidth.php","meta":{"footnotes":""},"class_list":["post-56","page","type-page","status-publish","hentry","post-archive"],"_links":{"self":[{"href":"https:\/\/www.thomashollweg.com\/index.php?rest_route=\/wp\/v2\/pages\/56","targetHints":{"allow":["GET"]}}],"collection":[{"href":"https:\/\/www.thomashollweg.com\/index.php?rest_route=\/wp\/v2\/pages"}],"about":[{"href":"https:\/\/www.thomashollweg.com\/index.php?rest_route=\/wp\/v2\/types\/page"}],"author":[{"embeddable":true,"href":"https:\/\/www.thomashollweg.com\/index.php?rest_route=\/wp\/v2\/users\/1"}],"replies":[{"embeddable":true,"href":"https:\/\/www.thomashollweg.com\/index.php?rest_route=%2Fwp%2Fv2%2Fcomments&post=56"}],"version-history":[{"count":3,"href":"https:\/\/www.thomashollweg.com\/index.php?rest_route=\/wp\/v2\/pages\/56\/revisions"}],"predecessor-version":[{"id":619,"href":"https:\/\/www.thomashollweg.com\/index.php?rest_route=\/wp\/v2\/pages\/56\/revisions\/619"}],"wp:attachment":[{"href":"https:\/\/www.thomashollweg.com\/index.php?rest_route=%2Fwp%2Fv2%2Fmedia&parent=56"}],"curies":[{"name":"wp","href":"https:\/\/api.w.org\/{rel}","templated":true}]}}